{"id":10,"date":"2025-10-04T05:00:18","date_gmt":"2025-10-04T05:00:18","guid":{"rendered":"https:\/\/gachhoabinh.vn\/index.php\/cart\/"},"modified":"2025-10-13T11:01:23","modified_gmt":"2025-10-13T11:01:23","slug":"cart","status":"publish","type":"page","link":"https:\/\/gachhoabinh.vn\/index.php\/cart\/","title":{"rendered":"Cart"},"content":{"rendered":"\n<div data-block-name=\"woocommerce\/cart\" class=\"wp-block-woocommerce-cart alignwide is-loading\">\n<div data-block-name=\"woocommerce\/filled-cart-block\" class=\"wp-block-woocommerce-filled-cart-block\">\n<div data-block-name=\"woocommerce\/cart-items-block\" class=\"wp-block-woocommerce-cart-items-block\">\n<div data-block-name=\"woocommerce\/cart-line-items-block\" class=\"wp-block-woocommerce-cart-line-items-block\"><\/div>\n\n\n<\/div>\n\n\n\n\n<div data-block-name=\"woocommerce\/cart-totals-block\" class=\"wp-block-woocommerce-cart-totals-block\">\n<div data-block-name=\"woocommerce\/cart-order-summary-block\" class=\"wp-block-woocommerce-cart-order-summary-block\">\n<div data-block-name=\"woocommerce\/cart-order-summary-heading-block\" class=\"wp-block-woocommerce-cart-order-summary-heading-block\"><\/div><div data-block-name=\"woocommerce\/cart-order-summary-coupon-form-block\" class=\"wp-block-woocommerce-cart-order-summary-coupon-form-block\"><\/div><div data-block-name=\"woocommerce\/cart-order-summary-totals-block\" class=\"wp-block-woocommerce-cart-order-summary-totals-block\">\n<div data-block-name=\"woocommerce\/cart-order-summary-subtotal-block\" class=\"wp-block-woocommerce-cart-order-summary-subtotal-block\"><\/div>\n<div data-block-name=\"woocommerce\/cart-order-summary-discount-block\" class=\"wp-block-woocommerce-cart-order-summary-discount-block\"><\/div>\n<div data-block-name=\"woocommerce\/cart-order-summary-fee-block\" class=\"wp-block-woocommerce-cart-order-summary-fee-block\"><\/div>\n<div data-block-name=\"woocommerce\/cart-order-summary-shipping-block\" class=\"wp-block-woocommerce-cart-order-summary-shipping-block\"><\/div>\n<div data-block-name=\"woocommerce\/cart-order-summary-taxes-block\" class=\"wp-block-woocommerce-cart-order-summary-taxes-block\"><\/div><\/div>\n<\/div>\n\n\n\n<div data-block-name=\"woocommerce\/cart-express-payment-block\" class=\"wp-block-woocommerce-cart-express-payment-block\"><\/div>\n\n\n\n<div data-block-name=\"woocommerce\/proceed-to-checkout-block\" class=\"wp-block-woocommerce-proceed-to-checkout-block\"><\/div>\n\n\n\n<div data-block-name=\"woocommerce\/cart-accepted-payment-methods-block\" class=\"wp-block-woocommerce-cart-accepted-payment-methods-block\"><\/div>\n<\/div>\n<\/div>\n\n\n\n<div data-block-name=\"woocommerce\/empty-cart-block\" class=\"wp-block-woocommerce-empty-cart-block\">\n<h2 class=\"wp-block-heading has-text-align-center with-empty-cart-icon wc-block-cart__empty-cart__title\">Your cart is currently empty!<\/h2>\n\n\n\n<hr class=\"wp-block-separator has-alpha-channel-opacity is-style-dots\"\/>\n\n\n\n<h2 class=\"wp-block-heading has-text-align-center\">New in store<\/h2>\n\n\n<div data-block-name=\"woocommerce\/product-new\" data-columns=\"4\" data-rows=\"1\" class=\"wc-block-grid wp-block-product-new wp-block-woocommerce-product-new wc-block-product-new has-4-columns\"><ul class=\"wc-block-grid__products\"><li class=\"wc-block-grid__product\">\n\t\t\t\t<a href=\"https:\/\/gachhoabinh.vn\/index.php\/product\/gach-gia-da-luc-giac-3-soc-mau-vang\/\" class=\"wc-block-grid__product-link\">\n\t\t\t\t\t\n\t\t\t\t\t<div class=\"wc-block-grid__product-image\"><img loading=\"lazy\" decoding=\"async\" width=\"300\" height=\"300\" src=\"https:\/\/gachhoabinh.vn\/wp-content\/uploads\/2025\/10\/gach-lat-san-vuon-dp-luc-hoa-thi-1-768x718-1-300x300.jpg\" class=\"attachment-woocommerce_thumbnail size-woocommerce_thumbnail\" alt=\"G\u1ea1ch gi\u1ea3 \u0111\u00e1 l\u1ee5c gi\u00e1c 3 s\u1ecdc m\u00e0u v\u00e0ng\" srcset=\"https:\/\/gachhoabinh.vn\/wp-content\/uploads\/2025\/10\/gach-lat-san-vuon-dp-luc-hoa-thi-1-768x718-1-300x300.jpg 300w, https:\/\/gachhoabinh.vn\/wp-content\/uploads\/2025\/10\/gach-lat-san-vuon-dp-luc-hoa-thi-1-768x718-1-150x150.jpg 150w, https:\/\/gachhoabinh.vn\/wp-content\/uploads\/2025\/10\/gach-lat-san-vuon-dp-luc-hoa-thi-1-768x718-1-100x100.jpg 100w\" sizes=\"auto, (max-width: 300px) 100vw, 300px\" \/><\/div>\n\t\t\t\t\t<div class=\"wc-block-grid__product-title\">G\u1ea1ch gi\u1ea3 \u0111\u00e1 l\u1ee5c gi\u00e1c 3 s\u1ecdc m\u00e0u v\u00e0ng<\/div>\n\t\t\t\t<\/a>\n\t\t\t\t<div class=\"wc-block-grid__product-price price\"><span class=\"woocommerce-Price-amount amount\">100.000&nbsp;<span class=\"woocommerce-Price-currencySymbol\">&#8363;<\/span><\/span><\/div>\n\t\t\t\t\n\t\t\t\t<div class=\"wp-block-button wc-block-grid__product-add-to-cart\"><a href=\"\/index.php\/wp-json\/wp\/v2\/pages\/10?add-to-cart=189\" aria-label=\"Th\u00eam v\u00e0o gi\u1ecf h\u00e0ng: &ldquo;G\u1ea1ch gi\u1ea3 \u0111\u00e1 l\u1ee5c gi\u00e1c 3 s\u1ecdc m\u00e0u v\u00e0ng&rdquo;\" data-quantity=\"1\" data-product_id=\"189\" data-product_sku=\"\" data-price=\"100000\" rel=\"nofollow\" class=\"wp-block-button__link  add_to_cart_button ajax_add_to_cart\">Th\u00eam v\u00e0o gi\u1ecf h\u00e0ng<\/a><\/div>\n\t\t\t<\/li><li class=\"wc-block-grid__product\">\n\t\t\t\t<a href=\"https:\/\/gachhoabinh.vn\/index.php\/product\/gach-gia-da-coric\/\" class=\"wc-block-grid__product-link\">\n\t\t\t\t\t\n\t\t\t\t\t<div class=\"wc-block-grid__product-image\"><img loading=\"lazy\" decoding=\"async\" width=\"300\" height=\"300\" src=\"https:\/\/gachhoabinh.vn\/wp-content\/uploads\/2025\/10\/DP-CORIC-23-1-768x768-1-300x300.jpg\" class=\"attachment-woocommerce_thumbnail size-woocommerce_thumbnail\" alt=\"G\u1ea1ch gi\u1ea3 \u0111\u00e1 coric\" srcset=\"https:\/\/gachhoabinh.vn\/wp-content\/uploads\/2025\/10\/DP-CORIC-23-1-768x768-1-300x300.jpg 300w, https:\/\/gachhoabinh.vn\/wp-content\/uploads\/2025\/10\/DP-CORIC-23-1-768x768-1-150x150.jpg 150w, https:\/\/gachhoabinh.vn\/wp-content\/uploads\/2025\/10\/DP-CORIC-23-1-768x768-1-600x600.jpg 600w, https:\/\/gachhoabinh.vn\/wp-content\/uploads\/2025\/10\/DP-CORIC-23-1-768x768-1-100x100.jpg 100w, https:\/\/gachhoabinh.vn\/wp-content\/uploads\/2025\/10\/DP-CORIC-23-1-768x768-1.jpg 768w\" sizes=\"auto, (max-width: 300px) 100vw, 300px\" \/><\/div>\n\t\t\t\t\t<div class=\"wc-block-grid__product-title\">G\u1ea1ch gi\u1ea3 \u0111\u00e1 coric<\/div>\n\t\t\t\t<\/a>\n\t\t\t\t<div class=\"wc-block-grid__product-price price\"><span class=\"woocommerce-Price-amount amount\">85.000&nbsp;<span class=\"woocommerce-Price-currencySymbol\">&#8363;<\/span><\/span><\/div>\n\t\t\t\t\n\t\t\t\t<div class=\"wp-block-button wc-block-grid__product-add-to-cart\"><a href=\"\/index.php\/wp-json\/wp\/v2\/pages\/10?add-to-cart=187\" aria-label=\"Th\u00eam v\u00e0o gi\u1ecf h\u00e0ng: &ldquo;G\u1ea1ch gi\u1ea3 \u0111\u00e1 coric&rdquo;\" data-quantity=\"1\" data-product_id=\"187\" data-product_sku=\"\" data-price=\"85000\" rel=\"nofollow\" class=\"wp-block-button__link  add_to_cart_button ajax_add_to_cart\">Th\u00eam v\u00e0o gi\u1ecf h\u00e0ng<\/a><\/div>\n\t\t\t<\/li><li class=\"wc-block-grid__product\">\n\t\t\t\t<a href=\"https:\/\/gachhoabinh.vn\/index.php\/product\/gach-gia-da-coric-15x30\/\" class=\"wc-block-grid__product-link\">\n\t\t\t\t\t\n\t\t\t\t\t<div class=\"wc-block-grid__product-image\"><img loading=\"lazy\" decoding=\"async\" width=\"300\" height=\"300\" src=\"https:\/\/gachhoabinh.vn\/wp-content\/uploads\/2025\/10\/gach-coric-gia-da-15x30-vang-2-768x768-1-300x300.jpg\" class=\"attachment-woocommerce_thumbnail size-woocommerce_thumbnail\" alt=\"G\u1ea1ch gi\u1ea3 \u0111\u00e1 coric 15\u00d730\" srcset=\"https:\/\/gachhoabinh.vn\/wp-content\/uploads\/2025\/10\/gach-coric-gia-da-15x30-vang-2-768x768-1-300x300.jpg 300w, https:\/\/gachhoabinh.vn\/wp-content\/uploads\/2025\/10\/gach-coric-gia-da-15x30-vang-2-768x768-1-150x150.jpg 150w, https:\/\/gachhoabinh.vn\/wp-content\/uploads\/2025\/10\/gach-coric-gia-da-15x30-vang-2-768x768-1-600x600.jpg 600w, https:\/\/gachhoabinh.vn\/wp-content\/uploads\/2025\/10\/gach-coric-gia-da-15x30-vang-2-768x768-1-100x100.jpg 100w, https:\/\/gachhoabinh.vn\/wp-content\/uploads\/2025\/10\/gach-coric-gia-da-15x30-vang-2-768x768-1.jpg 768w\" sizes=\"auto, (max-width: 300px) 100vw, 300px\" \/><\/div>\n\t\t\t\t\t<div class=\"wc-block-grid__product-title\">G\u1ea1ch gi\u1ea3 \u0111\u00e1 coric 15\u00d730<\/div>\n\t\t\t\t<\/a>\n\t\t\t\t<div class=\"wc-block-grid__product-price price\"><span class=\"woocommerce-Price-amount amount\">90.000&nbsp;<span class=\"woocommerce-Price-currencySymbol\">&#8363;<\/span><\/span><\/div>\n\t\t\t\t\n\t\t\t\t<div class=\"wp-block-button wc-block-grid__product-add-to-cart\"><a href=\"\/index.php\/wp-json\/wp\/v2\/pages\/10?add-to-cart=185\" aria-label=\"Th\u00eam v\u00e0o gi\u1ecf h\u00e0ng: &ldquo;G\u1ea1ch gi\u1ea3 \u0111\u00e1 coric 15\u00d730&rdquo;\" data-quantity=\"1\" data-product_id=\"185\" data-product_sku=\"\" data-price=\"90000\" rel=\"nofollow\" class=\"wp-block-button__link  add_to_cart_button ajax_add_to_cart\">Th\u00eam v\u00e0o gi\u1ecf h\u00e0ng<\/a><\/div>\n\t\t\t<\/li><li class=\"wc-block-grid__product\">\n\t\t\t\t<a href=\"https:\/\/gachhoabinh.vn\/index.php\/product\/gach-gia-da-coric-15x30-mau-ghi\/\" class=\"wc-block-grid__product-link\">\n\t\t\t\t\t\n\t\t\t\t\t<div class=\"wc-block-grid__product-image\"><img loading=\"lazy\" decoding=\"async\" width=\"300\" height=\"300\" src=\"https:\/\/gachhoabinh.vn\/wp-content\/uploads\/2025\/10\/gach-coric-gia-da-15x30-1-768x768-1-300x300.jpg\" class=\"attachment-woocommerce_thumbnail size-woocommerce_thumbnail\" alt=\"G\u1ea1ch gi\u1ea3 \u0111\u00e1 coric 15\u00d730 m\u00e0u ghi\" srcset=\"https:\/\/gachhoabinh.vn\/wp-content\/uploads\/2025\/10\/gach-coric-gia-da-15x30-1-768x768-1-300x300.jpg 300w, https:\/\/gachhoabinh.vn\/wp-content\/uploads\/2025\/10\/gach-coric-gia-da-15x30-1-768x768-1-150x150.jpg 150w, https:\/\/gachhoabinh.vn\/wp-content\/uploads\/2025\/10\/gach-coric-gia-da-15x30-1-768x768-1-600x600.jpg 600w, https:\/\/gachhoabinh.vn\/wp-content\/uploads\/2025\/10\/gach-coric-gia-da-15x30-1-768x768-1-100x100.jpg 100w, https:\/\/gachhoabinh.vn\/wp-content\/uploads\/2025\/10\/gach-coric-gia-da-15x30-1-768x768-1.jpg 768w\" sizes=\"auto, (max-width: 300px) 100vw, 300px\" \/><\/div>\n\t\t\t\t\t<div class=\"wc-block-grid__product-title\">G\u1ea1ch gi\u1ea3 \u0111\u00e1 coric 15\u00d730 m\u00e0u ghi<\/div>\n\t\t\t\t<\/a>\n\t\t\t\t<div class=\"wc-block-grid__product-price price\"><span class=\"woocommerce-Price-amount amount\">98.000&nbsp;<span class=\"woocommerce-Price-currencySymbol\">&#8363;<\/span><\/span><\/div>\n\t\t\t\t\n\t\t\t\t<div class=\"wp-block-button wc-block-grid__product-add-to-cart\"><a href=\"\/index.php\/wp-json\/wp\/v2\/pages\/10?add-to-cart=182\" aria-label=\"Th\u00eam v\u00e0o gi\u1ecf h\u00e0ng: &ldquo;G\u1ea1ch gi\u1ea3 \u0111\u00e1 coric 15\u00d730 m\u00e0u ghi&rdquo;\" data-quantity=\"1\" data-product_id=\"182\" data-product_sku=\"\" data-price=\"98000\" rel=\"nofollow\" class=\"wp-block-button__link  add_to_cart_button ajax_add_to_cart\">Th\u00eam v\u00e0o gi\u1ecf h\u00e0ng<\/a><\/div>\n\t\t\t<\/li><\/ul><\/div><\/div>\n<\/div>\n","protected":false},"excerpt":{"rendered":"","protected":false},"author":1,"featured_media":0,"parent":0,"menu_order":0,"comment_status":"closed","ping_status":"closed","template":"","meta":{"footnotes":""},"class_list":["post-10","page","type-page","status-publish","hentry"],"_links":{"self":[{"href":"https:\/\/gachhoabinh.vn\/index.php\/wp-json\/wp\/v2\/pages\/10","targetHints":{"allow":["GET"]}}],"collection":[{"href":"https:\/\/gachhoabinh.vn\/index.php\/wp-json\/wp\/v2\/pages"}],"about":[{"href":"https:\/\/gachhoabinh.vn\/index.php\/wp-json\/wp\/v2\/types\/page"}],"author":[{"embeddable":true,"href":"https:\/\/gachhoabinh.vn\/index.php\/wp-json\/wp\/v2\/users\/1"}],"replies":[{"embeddable":true,"href":"https:\/\/gachhoabinh.vn\/index.php\/wp-json\/wp\/v2\/comments?post=10"}],"version-history":[{"count":1,"href":"https:\/\/gachhoabinh.vn\/index.php\/wp-json\/wp\/v2\/pages\/10\/revisions"}],"predecessor-version":[{"id":171,"href":"https:\/\/gachhoabinh.vn\/index.php\/wp-json\/wp\/v2\/pages\/10\/revisions\/171"}],"wp:attachment":[{"href":"https:\/\/gachhoabinh.vn\/index.php\/wp-json\/wp\/v2\/media?parent=10"}],"curies":[{"name":"wp","href":"https:\/\/api.w.org\/{rel}","templated":true}]}}