{"id":21,"date":"2025-10-10T08:15:10","date_gmt":"2025-10-10T08:15:10","guid":{"rendered":"https:\/\/gachhoabinh.vn\/?page_id=21"},"modified":"2025-10-12T02:37:37","modified_gmt":"2025-10-12T02:37:37","slug":"gioi-thieu","status":"publish","type":"page","link":"https:\/\/gachhoabinh.vn\/index.php\/gioi-thieu\/","title":{"rendered":"Gi\u1edbi Thi\u1ec7u"},"content":{"rendered":"<h1>Gi\u1edbi Thi\u1ec7u V\u1ec1 G\u1ea1ch Ho\u00e0 B\u00ecnh<\/h1>\n<h2><span id=\"Nha_may_Dai_Phuong_%E2%80%93_chuyen_cung_cap_cac_loai_gach_lat_via_he_chat_luong_cao\" class=\"ez-toc-section\"><\/span>Nh\u00e0 m\u00e1y G\u1ea1ch Ho\u00e0 B\u00ecnh \u2013\u00a0\u00a0chuy\u00ean cung c\u1ea5p c\u00e1c lo\u1ea1i g\u1ea1ch l\u00e1t v\u1ec9a h\u00e8 ch\u1ea5t l\u01b0\u1ee3ng cao !<\/h2>\n<p><strong>G\u1ea1ch l\u00e1t v\u1ec9a h\u00e8<\/strong>\u00a0l\u00e0 lo\u1ea1i g\u1ea1ch kh\u00f4ng nung c\u00f3 t\u00ednh n\u0103ng ch\u1ecbu l\u1ef1c v\u00e0 th\u1eddi ti\u1ebft kh\u1eafc nghi\u1ec7t. Do khi l\u00e1t kh\u00f4ng c\u1ea7n ph\u1ea3i tr\u00e1m m\u1ea1ch cho n\u01b0\u1edbc c\u00f3 th\u1ec3 tho\u00e1t qua c\u00e1c khe m\u1ea1ch. G\u1ea1ch l\u00e1t v\u1ec9a h\u00e8 bao g\u1ed3m c\u00e1c lo\u1ea1i g\u1ea1ch nh\u01b0 l\u00e0:\u00a0<strong>g\u1ea1ch Terrazzo v\u1ec9a h\u00e8<\/strong>,\u00a0<strong>g\u1ea1ch block t\u1ef1 ch\u00e8n<\/strong>,\u00a0<strong>g\u1ea1ch tr\u1ed3ng c\u1ecf<\/strong>,\u00a0<strong>g\u1ea1ch l\u00e1t v\u1ec9a h\u00e8 gi\u1ea3 \u0111\u00e1 Coric<\/strong>,\u00a0<strong>g\u1ea1ch con s\u00e2u<\/strong>,\u00a0<strong>g\u1ea1ch t\u1ef1 ch\u00e8n l\u1ee5c gi\u00e1c \u2013 b\u00e1t gi\u00e1c<\/strong>,\u00a0<strong>g\u1ea1ch ch\u1eef nh\u1eadt<\/strong>\u2026<\/p>\n<p>G\u1ea1ch Ho\u00e0 b\u00ecnh l\u00e0 \u0111\u01a1n v\u1ecb chuy\u00ean s\u1ea3n xu\u1ea5t v\u00e0 ph\u00e2n ph\u1ed1i c\u00e1c lo\u1ea1i g\u1ea1ch l\u00e1t v\u1ec9a h\u00e8, b\u00f3 v\u1ec9a, \u0111an r\u00e3nh h\u00e8 ch\u1ea5t l\u01b0\u1ee3ng cao.<\/p>\n<p><strong>Ch\u00fang t\u00f4i t\u1ea1o ra gi\u00e1 tr\u1ecb cho t\u1eebng s\u1ea3n ph\u1ea9m cung c\u1ea5p t\u1edbi kh\u00e1ch h\u00e0ng!<\/strong><\/p>\n<p><strong>T\u1ef1 h\u00e0o l\u00e0 \u0111\u01a1n v\u1ecb s\u1ed1 1 v\u1ec1 g\u1ea1ch v\u1ec9a h\u00e8 t\u1ea1i Mi\u1ec1n B\u1eafc, g\u1ea1ch v\u1ec9a h\u00e8 Ho\u00e0 b\u00ecnh kh\u00f4ng ng\u1eebng n\u00e2ng cao ch\u1ea5t l\u01b0\u1ee3ng d\u1ecbch v\u1ee5 \u0111\u1ec3 \u0111\u00e1p \u1ee9ng nhu c\u1ea7u c\u1ee7a qu\u00fd kh\u00e1ch h\u00e0ng nh\u01b0:<\/strong><\/p>\n<p><em>\u00a0\u2666 Nh\u00e0 m\u00e1y s\u1ea3n xu\u1ea5t l\u1edbn, \u0111\u00e1p \u1ee9ng m\u1ecdi nhu c\u1ea7u v\u1ec1 s\u1ed1 l\u01b0\u1ee3ng\u00a0<\/em><\/p>\n<p><em>\u00a0\u2666\u00a0\u00a0Ch\u1ea5t l\u01b0\u1ee3ng s\u1ea3n ph\u1ea9m \u0111\u1ea3m b\u1ea3o \u0111\u00fang chu\u1ea9n\u00a0(TCVN 7744:2013)<\/em><\/p>\n<p><em>\u00a0\u2666\u00a0\u00a0Gi\u00e1 g\u1ea1ch t\u1ea1i x\u01b0\u1edfng t\u1ea1i nh\u00e0 m\u00e1y s\u1ea3n xu\u1ea5t<\/em><\/p>\n<p><em>\u00a0\u2666\u00a0\u00a0H\u00e0ng \u0111\u01b0\u1ee3c giao t\u1ea1i ch\u00e2n c\u00f4ng tr\u00ecnh<\/em><\/p>\n<p><em>V\u00e0 nh\u1eefng c\u00f4ng tr\u00ecnh n\u1ed1i d\u00e0i cho ni\u1ec1m tin Ch\u1ea5t l\u01b0\u1ee3ng \u2013 Uy t\u00edn m\u00e0 G\u1ea1ch Ho\u00e0 b\u00ecnh cam k\u1ebft<\/em><\/p>\n<p>G\u1ea1ch Ho\u00e0 b\u00ecnh l\u00e0 doanh nghi\u1ec7p s\u1ea3n xu\u1ea5t, b\u00e1n v\u00e0 ph\u00e2n ph\u1ed1i g\u1ea1ch v\u1ec9a h\u00e8 l\u00e1t n\u1ec1n h\u00e0ng \u0111\u1ea7u t\u1ea1i H\u00c0 N\u1ed8I v\u00e0 c\u00e1c t\u1ec9nh th\u00e0nh ph\u00eda b\u1eafc \u0111\u1ea5t n\u01b0\u1edbc, Ch\u00fang t\u00f4i s\u1edf h\u1eefu \u0111\u1ed9i ng\u0169 k\u1ef9 thu\u1eadt vi\u00ean c\u00f3 tay ngh\u1ec1 v\u00e0 nhi\u1ec1u n\u0103m kinh nghi\u1ec7m c\u00f9ng v\u1edbi thi\u1ebft b\u1ecb s\u1ea3n xu\u1ea5t hi\u1ec7n \u0111\u1ea1i s\u1ebd gi\u00fap cho m\u1ecdi kh\u00e1ch h\u00e0ng h\u00e0i l\u00f2ng v\u1ec1 s\u1ea3n ph\u1ea9m.<\/p>\n","protected":false},"excerpt":{"rendered":"<p>Gi\u1edbi Thi\u1ec7u V\u1ec1 G\u1ea1ch Ho\u00e0 B\u00ecnh Nh\u00e0 m\u00e1y G\u1ea1ch Ho\u00e0 B\u00ecnh \u2013\u00a0\u00a0chuy\u00ean cung c\u1ea5p c\u00e1c lo\u1ea1i g\u1ea1ch l\u00e1t v\u1ec9a h\u00e8 ch\u1ea5t l\u01b0\u1ee3ng cao ! G\u1ea1ch l\u00e1t v\u1ec9a h\u00e8\u00a0l\u00e0 lo\u1ea1i g\u1ea1ch kh\u00f4ng nung c\u00f3 t\u00ednh n\u0103ng ch\u1ecbu l\u1ef1c v\u00e0 th\u1eddi ti\u1ebft kh\u1eafc nghi\u1ec7t. Do khi l\u00e1t kh\u00f4ng c\u1ea7n ph\u1ea3i tr\u00e1m m\u1ea1ch cho n\u01b0\u1edbc c\u00f3 th\u1ec3 tho\u00e1t&#8230;\u2192<\/p>\n","protected":false},"author":1,"featured_media":0,"parent":0,"menu_order":0,"comment_status":"closed","ping_status":"closed","template":"","meta":{"footnotes":""},"class_list":["post-21","page","type-page","status-publish","hentry"],"_links":{"self":[{"href":"https:\/\/gachhoabinh.vn\/index.php\/wp-json\/wp\/v2\/pages\/21","targetHints":{"allow":["GET"]}}],"collection":[{"href":"https:\/\/gachhoabinh.vn\/index.php\/wp-json\/wp\/v2\/pages"}],"about":[{"href":"https:\/\/gachhoabinh.vn\/index.php\/wp-json\/wp\/v2\/types\/page"}],"author":[{"embeddable":true,"href":"https:\/\/gachhoabinh.vn\/index.php\/wp-json\/wp\/v2\/users\/1"}],"replies":[{"embeddable":true,"href":"https:\/\/gachhoabinh.vn\/index.php\/wp-json\/wp\/v2\/comments?post=21"}],"version-history":[{"count":3,"href":"https:\/\/gachhoabinh.vn\/index.php\/wp-json\/wp\/v2\/pages\/21\/revisions"}],"predecessor-version":[{"id":115,"href":"https:\/\/gachhoabinh.vn\/index.php\/wp-json\/wp\/v2\/pages\/21\/revisions\/115"}],"wp:attachment":[{"href":"https:\/\/gachhoabinh.vn\/index.php\/wp-json\/wp\/v2\/media?parent=21"}],"curies":[{"name":"wp","href":"https:\/\/api.w.org\/{rel}","templated":true}]}}