{"id":161,"date":"2025-10-13T07:06:21","date_gmt":"2025-10-13T07:06:21","guid":{"rendered":"https:\/\/gachhoabinh.vn\/?post_type=product&#038;p=161"},"modified":"2025-10-13T07:08:54","modified_gmt":"2025-10-13T07:08:54","slug":"gach-lat-terrazzo","status":"publish","type":"product","link":"https:\/\/gachhoabinh.vn\/index.php\/product\/gach-lat-terrazzo\/","title":{"rendered":"G\u1ea1ch L\u00e1t Terrazzo"},"content":{"rendered":"<p><strong>G\u1ea1ch L\u00e1t Terrazzo HB221 <\/strong>l\u00e0 s\u1ea3n ph\u1ea9m g\u1ea1ch kh\u00f4ng nung, c\u00f3 b\u1ec1 m\u1eb7t hoa v\u0103n gi\u1ea3 \u0111\u00e1 \u0111\u01b0\u1ee3c \u1ee9ng d\u1ee5ng nhi\u1ec1u \u0111\u1ec3 l\u00e1t cho v\u1ec9a h\u00e8, khu \u0111i b\u1ed9 cho c\u00e1c bi\u1ec7t th\u1ef1 sang tr\u1ecdng. Lo\u1ea1i g\u1ea1ch n\u00e0y c\u00f3 nhi\u1ec1u \u01b0u \u0111i\u1ec3m v\u1ec1 m\u1eb7t th\u1ea9m m\u1ef9 l\u1eabn ch\u1ea5t l\u01b0\u1ee3ng, \u0111\u1ed9 b\u1ec1n c\u01a1 h\u1ecdc. \u0110\u1ec3 bi\u1ebft th\u00eam v\u1ec1 th\u00f4ng tin s\u1ea3n ph\u1ea9m, b\u1ea1n h\u00e3y tham kh\u1ea3o qua n\u1ed9i dung d\u01b0\u1edbi \u0111\u00e2y<\/p>\n<p><strong>G\u1ea1ch l\u00e1t h\u00e8 Terrazzo HB221 <\/strong>c\u00f3 2 k\u00edch th\u01b0\u1edbc\u00a0400\u00d7400\u00a0ho\u1eb7c\u00a0300\u00d7300, m\u00e0u x\u00e1m, hoa v\u0103n d\u1ea1ng r\u00e3nh c\u00f3 h\u00ecnh r\u1eb1n ri gi\u1ea3 \u0111\u00e1. Th\u00e0nh ph\u1ea7n c\u1ee7a s\u1ea3n ph\u1ea9m g\u1ed3m xi m\u0103ng, b\u1ed9t \u0111\u00e1, \u0111\u00e1 mi, c\u00e1t, b\u1ed9t m\u00e0u, ph\u1ee5 gia. S\u1ea3n ph\u1ea9m \u0111\u01b0\u1ee3c s\u1ea3n xu\u1ea5t b\u1eb1ng c\u00f4ng ngh\u1ec7 \u00e9p th\u1ee7y l\u1ef1c, c\u00e1c nguy\u00ean li\u1ec7u s\u1ebd \u0111\u01b0\u1ee3c \u0111\u1ed5 v\u00e0o khu\u00f4n g\u1ea1ch, r\u1ed3i d\u00f9ng m\u00e1y n\u00e9n th\u1ee7y l\u1ef1c \u0111\u1ec3 \u00e9p v\u1edbi \u00e1p su\u1ea5t c\u1ef1c l\u1edbn \u0111\u1ec3 h\u00ecnh th\u00e0nh n\u00ean th\u00e0nh ph\u1ea9m.<\/p>\n<p>S\u1ea3n ph\u1ea9m \u0111\u01b0\u1ee3c \u1ee9ng d\u1ee5ng cho c\u00e1c c\u00f4ng tr\u00ecnh ngo\u00e0i tr\u1eddi, l\u00e1t v\u1ec9a h\u00e8, s\u00e2n v\u01b0\u1eddn, c\u00f4ng vi\u00ean, ph\u1ed1 \u0111i b\u1ed9, khu mua s\u1eafm c\u1ee7a c\u00e1c d\u1ef1 \u00e1n nh\u00e0 ph\u1ed1, v\u1ec9a h\u00e8 b\u1edd k\u00e8,\u2026<\/p>\n<h3>T\u1ed5ng h\u1ee3p \u01b0u \u0111i\u1ec3m c\u1ee7a g\u1ea1ch l\u00e1t Terrazzo <strong>HB221 <\/strong><\/h3>\n<p>S\u1ea3n ph\u1ea9m g\u1ea1ch l\u00e1t Terrazzo DP-121 c\u0169ng c\u00f3 nh\u1eefng \u01b0u \u0111i\u1ec3m c\u1ee7a d\u00f2ng\u00a0g\u1ea1ch Terrazzo\u00a0kh\u00f4ng nung kh\u00e1c nh\u01b0:<\/p>\n<h4><span id=\"Suc_ben_co_hoc_cao\" class=\"ez-toc-section\"><\/span>S\u1ee9c b\u1ec1n c\u01a1 h\u1ecdc cao<\/h4>\n<p>M\u1eabu m\u00e3 c\u1ee7a s\u1ea3n ph\u1ea9m th\u00f4, kh\u00f4ng \u0111\u1eb9p nh\u01b0 c\u00e1c lo\u1ea1i g\u1ea1ch n\u1ed9i th\u1ea5t nh\u01b0ng b\u00f9 l\u1ea1i s\u1ee9c ch\u1ed1ng ch\u1ecbu th\u1eddi ti\u1ebft, s\u1ee9c b\u1ec1n c\u01a1 h\u1ecdc c\u1ef1c t\u1ed1t n\u00ean lo\u1ea1i g\u1ea1ch n\u00e0y hay \u0111\u01b0\u1ee3c d\u00f9ng \u0111\u1ec3 l\u00e0m g\u1ea1ch v\u1ec9a h\u00e8.<\/p>\n<p>Kh\u1ea3 n\u0103ng ch\u1ed1ng m\u00e0i m\u00f2n, ch\u1ed1ng n\u1ea5m m\u1ed1c c\u0169ng cao. Tu\u1ed5i th\u1ecd c\u1ee7a g\u1ea1ch c\u00f3 th\u1ec3 l\u00ean \u0111\u1ebfn h\u01a1n 30 n\u0103m cho c\u00e1c c\u00f4ng tr\u00ecnh ngo\u00e0i tr\u1eddi, th\u00e1ch th\u1ee9c c\u00e1c \u0111i\u1ec1u ki\u1ec7n x\u1ea5u c\u1ee7a th\u1eddi ti\u1ebft.<\/p>\n<h4><span id=\"Thoat_nuoc_tot\" class=\"ez-toc-section\"><\/span>Tho\u00e1t n\u01b0\u1edbc t\u1ed1t<\/h4>\n<p>B\u1ec1 m\u1eb7t c\u1ee7a\u00a0<strong>g\u1ea1ch l\u00e1t v\u1ec9a h\u00e8 Terrazzo HB221 <\/strong>c\u00f3 nhi\u1ec1u r\u1eb1n ri hoa v\u0103n t\u1ea1o r\u00e3nh. C\u00e1c r\u00e3nh n\u00e0y gi\u00fap g\u1ea1ch tho\u00e1t n\u01b0\u1edbc nhanh, kh\u00f4 nhanh, d\u1ec5 lau ch\u00f9i v\u1ec7 sinh.<\/p>\n<p>C\u00e1c r\u00e3nh n\u00e0y c\u00f2n c\u00f3 c\u00f4ng d\u1ee5ng gia t\u0103ng ma s\u00e1t, t\u1ea1o s\u1ee9c b\u00e1m cho gi\u00e0y khi \u0111i qua n\u00ean an to\u00e0n cho ng\u01b0\u1eddi \u0111i b\u1ed9, h\u1ea1n ch\u1ebf tr\u01a1n tr\u01b0\u1ee3t k\u1ec3 c\u1ea3 khi tr\u1eddi m\u01b0a.<\/p>\n","protected":false},"excerpt":{"rendered":"<p><strong>L\u01b0u \u00fd:<\/strong>\u00a0\u0110\u01a1n gi\u00e1 t\u00ednh theo m2, thay \u0111\u1ed5i theo kh\u1ed1i l\u01b0\u1ee3ng \u0111\u1eb7t h\u00e0ng v\u00e0 khu v\u1ef1c giao h\u00e0ng<\/p>\n","protected":false},"featured_media":162,"comment_status":"open","ping_status":"closed","template":"","meta":[],"product_brand":[],"product_cat":[18],"product_tag":[],"class_list":{"0":"post-161","1":"product","2":"type-product","3":"status-publish","4":"has-post-thumbnail","6":"product_cat-gach-terrazzo","8":"first","9":"instock","10":"shipping-taxable","11":"purchasable","12":"product-type-simple"},"_links":{"self":[{"href":"https:\/\/gachhoabinh.vn\/index.php\/wp-json\/wp\/v2\/product\/161","targetHints":{"allow":["GET"]}}],"collection":[{"href":"https:\/\/gachhoabinh.vn\/index.php\/wp-json\/wp\/v2\/product"}],"about":[{"href":"https:\/\/gachhoabinh.vn\/index.php\/wp-json\/wp\/v2\/types\/product"}],"replies":[{"embeddable":true,"href":"https:\/\/gachhoabinh.vn\/index.php\/wp-json\/wp\/v2\/comments?post=161"}],"wp:featuredmedia":[{"embeddable":true,"href":"https:\/\/gachhoabinh.vn\/index.php\/wp-json\/wp\/v2\/media\/162"}],"wp:attachment":[{"href":"https:\/\/gachhoabinh.vn\/index.php\/wp-json\/wp\/v2\/media?parent=161"}],"wp:term":[{"taxonomy":"product_brand","embeddable":true,"href":"https:\/\/gachhoabinh.vn\/index.php\/wp-json\/wp\/v2\/product_brand?post=161"},{"taxonomy":"product_cat","embeddable":true,"href":"https:\/\/gachhoabinh.vn\/index.php\/wp-json\/wp\/v2\/product_cat?post=161"},{"taxonomy":"product_tag","embeddable":true,"href":"https:\/\/gachhoabinh.vn\/index.php\/wp-json\/wp\/v2\/product_tag?post=161"}],"curies":[{"name":"wp","href":"https:\/\/api.w.org\/{rel}","templated":true}]}}