{"id":169,"date":"2025-10-13T07:19:19","date_gmt":"2025-10-13T07:19:19","guid":{"rendered":"https:\/\/gachhoabinh.vn\/?post_type=product&#038;p=169"},"modified":"2025-10-13T07:19:20","modified_gmt":"2025-10-13T07:19:20","slug":"gach-lat-terrazzo-hb224","status":"publish","type":"product","link":"https:\/\/gachhoabinh.vn\/index.php\/product\/gach-lat-terrazzo-hb224\/","title":{"rendered":"G\u1ea1ch L\u00e1t Terrazzo HB224"},"content":{"rendered":"<h3>\u01afu \u0111i\u1ec3m n\u1ed5i b\u1eadt c\u1ee7a g\u1ea1ch Terrazzo HB224<\/h3>\n<p>D\u00f2ng\u00a0<strong>g\u1ea1ch l\u00e1t h\u00e8 Terrazzo HB224<\/strong>c\u00f3 nhi\u1ec1u \u01b0u \u0111i\u1ec3m \u0111\u00e1ng k\u1ec3 so v\u1edbi nhi\u1ec1u lo\u1ea1i\u00a0g\u1ea1ch v\u1ec9a h\u00e8\u00a0v\u1edbi c\u00f4ng ngh\u1ec7 c\u0169, c\u1ee5 th\u1ec3 nh\u01b0:<\/p>\n<h4><span id=\"Kha_nang_chong_chiu_tac_dong_thoi_tiet_tot\" class=\"ez-toc-section\"><\/span>Kh\u1ea3 n\u0103ng ch\u1ed1ng ch\u1ecbu t\u00e1c \u0111\u1ed9ng th\u1eddi ti\u1ebft t\u1ed1t<\/h4>\n<p>Lo\u1ea1i g\u1ea1ch n\u00e0y \u0111\u01b0\u1ee3c s\u1ea3n xu\u1ea5t b\u1eb1ng c\u00f4ng ngh\u1ec7 \u00e9p th\u1ee7y l\u1ef1c. C\u00e1c th\u00e0nh ph\u1ea7n xi m\u0103ng, \u0111\u00e1 mi, c\u00e1t \u0111\u01b0\u1ee3c n\u00e9n ch\u1eb7t h\u1ebft s\u1ee9c c\u00f3 th\u1ec3 n\u00ean t\u1ea1o n\u00ean k\u1ebft c\u1ea5u ch\u1ecbu l\u1ef1c c\u1ef1c t\u1ed1t. D\u00f9 l\u00e0 c\u00e1c t\u00e1c \u0111\u1ed9ng v\u1eadt l\u00fd m\u1ea1nh c\u0169ng kh\u00f3 l\u00e0m g\u1ea1ch b\u1ecb n\u1ee9t v\u1ee1.<\/p>\n<p>Kh\u1ea3 n\u0103ng ch\u1ed1ng m\u00e0i m\u00f2n, ch\u1ed1ng \u0103n m\u00f2n h\u00f3a ch\u1ea5t c\u0169ng cao. B\u1ec1 m\u1eb7t nh\u00e1m n\u00ean c\u00f3 \u0111\u1ed9 ma s\u00e1t t\u1ed1t, ph\u00f9 h\u1ee3p cho ng\u01b0\u1eddi \u0111i b\u1ed9 ngo\u00e0i tr\u1eddi. S\u1eed d\u1ee5ng lo\u1ea1i g\u1ea1ch n\u00e0y cho c\u00e1c c\u00f4ng tr\u00ecnh s\u00e2n v\u01b0\u1eddn, s\u00e2n th\u01b0\u1ee3ng c\u0169ng r\u1ea5t h\u1ee3p. Th\u1eddi gian s\u1eed d\u1ee5ng \u0111\u1ec3 l\u00e1t ngo\u00e0i tr\u1eddi cho lo\u1ea1i g\u1ea1ch n\u00e0y c\u00f3 th\u1ec3 h\u01a1n 30 n\u0103m, n\u1ebfu ch\u1ec9 d\u00f9ng cho c\u00f4ng tr\u00ecnh gia \u0111\u00ecnh th\u00ec th\u1eddi gian n\u00e0y c\u00f2n d\u00e0i h\u01a1n n\u1eefa.<\/p>\n<h4><span id=\"Be_mat_nhanh_kho_de_ve_sinh\" class=\"ez-toc-section\"><\/span>B\u1ec1 m\u1eb7t nhanh kh\u00f4, d\u1ec5 v\u1ec7 sinh<\/h4>\n<p>C\u1ea5u t\u1ea1o c\u1ee7a g\u1ea1ch\u00a0<strong>g\u1ea1ch l\u00e1t Terrazzo HB224<\/strong>\u00a0c\u00f3 nhi\u1ec1u r\u00e3nh tho\u00e1t n\u01b0\u1edbc t\u1ed1t, ch\u1ea5t li\u1ec7u l\u1ea1i kh\u00f4ng th\u1ea5m n\u01b0\u1edbc n\u00ean lo\u1ea1i g\u1ea1ch n\u00e0y r\u1ea5t nhanh kh\u00f4. Khi lau ch\u00f9i, v\u1ec7 sinh c\u0169ng d\u1ec5 d\u00e0ng.<\/p>\n<p>B\u1ec1 m\u1eb7t l\u1eabn c\u00e1c r\u00e3nh khi\u1ebfn cho c\u1ecf kh\u00f3 m\u1ecdc mi\u1ec5n \u0111\u01b0\u1ee3c lau ch\u00f9i theo \u0111\u1ecbnh k\u1ef3. \u0110\u1ed9 tr\u01a1n trong tr\u1eddi m\u01b0a c\u0169ng \u0111\u01b0\u1ee3c gi\u1ea3m \u0111\u00e1ng k\u1ec3, gi\u00fap cho ng\u01b0\u1eddi \u0111i b\u1ed9 \u0111\u01b0\u1ee3c an to\u00e0n.<\/p>\n<h4><span id=\"Kieu_dang_dep\" class=\"ez-toc-section\"><\/span>Ki\u1ec3u d\u00e1ng \u0111\u1eb9p<\/h4>\n<p>Ki\u1ec3u d\u00e1ng h\u00ecnh x\u1ebfp ly tr\u00f2n. Khi gh\u00e9p nhi\u1ec1u vi\u00ean g\u1ea1ch th\u00ec c\u0169ng t\u1ea1o n\u00ean hoa v\u0103n \u0111\u1eb9p. N\u1ebfu k\u1ebft h\u1ee3p t\u1eeb hai g\u1ea1ch tr\u1edf l\u00ean th\u00ec c\u00e0ng t\u0103ng \u0111\u1ed9 th\u1ea9m m\u1ef9.<\/p>\n<h4><span id=\"Thi_cong_de_it_ton_chi_phi\" class=\"ez-toc-section\"><\/span>Thi c\u00f4ng d\u1ec5, \u00edt t\u1ed1n chi ph\u00ed<\/h4>\n<p>Vi\u1ec7c thi c\u00f4ng lo\u1ea1i g\u1ea1ch n\u00e0y v\u00f4 c\u00f9ng d\u1ec5 d\u00e0ng. B\u1ea1n ch\u1ec9 c\u1ea7n l\u00e1t th\u1ee7 c\u00f4ng, k\u1ebft h\u1ee3p m\u1ed9t \u00edt v\u1eefa v\u00e0 l\u1ea5y b\u00faa g\u00f5 tay l\u00e0 \u0111\u1ee7 \u0111\u1ec3 l\u00e1t. C\u00e1c g\u1ea1ch \u0111\u1ec1u l\u00e0m t\u1eeb c\u00f9ng m\u1ed9t khu\u00f4n n\u00ean k\u00edch th\u01b0\u1edbc \u0111\u1ec1u \u0111\u1eb7n v\u1edbi nhau, thi c\u00f4ng h\u1ea1n ch\u1ebf nhi\u1ec1u sai s\u00f3t. B\u1ea1n kh\u00f4ng c\u1ea7n th\u00eam b\u1ea5t c\u1ee9 m\u00e1y m\u00f3c hay nguy\u00ean li\u1ec7u n\u00e0o kh\u00e1c \u0111\u1ec3 th\u1ef1c hi\u1ec7n l\u00e1t n\u00ean chi ph\u00ed \u0111\u01b0\u1ee3c t\u1ed1i \u01b0u \u0111\u00e1ng k\u1ec3.<\/p>\n<h4><span id=\"Dap_ung_so_luong_tot\" class=\"ez-toc-section\"><\/span>\u0110\u00e1p \u1ee9ng s\u1ed1 l\u01b0\u1ee3ng t\u1ed1t<\/h4>\n<p>Th\u00e0nh ph\u1ea7n c\u1ee7a lo\u1ea1i g\u1ea1ch v\u1ec9a h\u00e8 Terrazzo HB224 n\u00e0y g\u1ed3m xi m\u0103ng, c\u00e1t, \u0111\u00e1 mi, \u0111\u00e1 s\u1ecfi,\u2026 l\u00e0 nh\u1eefng nguy\u00ean li\u1ec7u d\u1ec5 t\u00ecm, gi\u00e1 th\u1ea5p trong ng\u00e0nh x\u00e2y d\u1ef1ng. V\u00ec th\u1ebf m\u00e0 chi ph\u00ed kh\u00f4ng cao, t\u01b0\u01a1ng \u0111\u1ed1i b\u00ecnh d\u00e2n. V\u1edbi c\u00f4ng ngh\u1ec7 c\u1ee7a nh\u00e0 m\u00e1y Ho\u00e0 b\u00ecnh c\u00f3 th\u1ec3 \u0111\u00e1p \u1ee9ng \u0111\u01b0\u1ee3c s\u1ed1 l\u01b0\u1ee3ng l\u1edbn, cung c\u1ea5p ngay cho c\u00e1c c\u00f4ng tr\u00ecnh trong th\u1eddi gian ng\u1eafn.<\/p>\n<h4><span id=\"Khong_gay_o_nhiem_moi_truong\" class=\"ez-toc-section\"><\/span>Kh\u00f4ng g\u00e2y \u00f4 nhi\u1ec5m m\u00f4i tr\u01b0\u1eddng<\/h4>\n<p>C\u00e1c lo\u1ea1i g\u1ea1ch nung truy\u1ec1n th\u1ed1ng s\u1ebd sinh ra kh\u00f3i, c\u1ea7n c\u1ee7i \u0111\u1ec3 \u0111\u1ed1t n\u00ean s\u1ebd g\u00e2y ra \u00f4 nhi\u1ec5m m\u00f4i tr\u01b0\u1eddng. Lo\u1ea1i\u00a0g\u1ea1ch Terrazzo\u00a0\u00e9p b\u1eb1ng th\u1ee7y l\u1ef1c n\u00e0y kh\u00f4ng c\u1ea7n \u0111\u1ed1t, kh\u00f4ng c\u1ea7n t\u1ed1n hao nhi\u00ean li\u1ec7u n\u00ean v\u1eabn \u0111\u1ea3m b\u1ea3o th\u00e2n thi\u1ec7n v\u1edbi m\u00f4i tr\u01b0\u1eddng.<\/p>\n<p>C\u00f4ng ngh\u1ec7 s\u1ea3n xu\u1ea5t g\u1ea1ch nung c\u0169 c\u1ea7n nhi\u1ec1u c\u1ee7i \u0111\u1ed1t, g\u1ed7 c\u00e2y v\u00e0 khi \u0111\u1ed1t s\u1ebd t\u1ea1o nhi\u1ec1u kh\u00f3i n\u00ean r\u1ea5t \u00f4 nhi\u1ec5m m\u00f4i tr\u01b0\u1eddng. C\u00f4ng ngh\u1ec7 s\u1ea3n xu\u1ea5t g\u1ea1ch kh\u00f4ng nung kh\u00f4ng c\u1ea7n \u0111\u1ed1t, kh\u00f4ng c\u1ea7n g\u1ed7 n\u00ean kh\u00f4ng g\u00e2y h\u1ea1i cho m\u00f4i tr\u01b0\u1eddng.<\/p>\n","protected":false},"excerpt":{"rendered":"<p><strong>\u00a0L\u01b0u \u00fd:<\/strong>\u00a0\u0110\u01a1n gi\u00e1 t\u00ednh theo m2, thay \u0111\u1ed5i theo kh\u1ed1i l\u01b0\u1ee3ng \u0111\u1eb7t h\u00e0ng v\u00e0 khu v\u1ef1c giao h\u00e0ng<\/p>\n","protected":false},"featured_media":170,"comment_status":"open","ping_status":"closed","template":"","meta":[],"product_brand":[],"product_cat":[18],"product_tag":[],"class_list":{"0":"post-169","1":"product","2":"type-product","3":"status-publish","4":"has-post-thumbnail","6":"product_cat-gach-terrazzo","8":"first","9":"instock","10":"shipping-taxable","11":"product-type-simple"},"_links":{"self":[{"href":"https:\/\/gachhoabinh.vn\/index.php\/wp-json\/wp\/v2\/product\/169","targetHints":{"allow":["GET"]}}],"collection":[{"href":"https:\/\/gachhoabinh.vn\/index.php\/wp-json\/wp\/v2\/product"}],"about":[{"href":"https:\/\/gachhoabinh.vn\/index.php\/wp-json\/wp\/v2\/types\/product"}],"replies":[{"embeddable":true,"href":"https:\/\/gachhoabinh.vn\/index.php\/wp-json\/wp\/v2\/comments?post=169"}],"wp:featuredmedia":[{"embeddable":true,"href":"https:\/\/gachhoabinh.vn\/index.php\/wp-json\/wp\/v2\/media\/170"}],"wp:attachment":[{"href":"https:\/\/gachhoabinh.vn\/index.php\/wp-json\/wp\/v2\/media?parent=169"}],"wp:term":[{"taxonomy":"product_brand","embeddable":true,"href":"https:\/\/gachhoabinh.vn\/index.php\/wp-json\/wp\/v2\/product_brand?post=169"},{"taxonomy":"product_cat","embeddable":true,"href":"https:\/\/gachhoabinh.vn\/index.php\/wp-json\/wp\/v2\/product_cat?post=169"},{"taxonomy":"product_tag","embeddable":true,"href":"https:\/\/gachhoabinh.vn\/index.php\/wp-json\/wp\/v2\/product_tag?post=169"}],"curies":[{"name":"wp","href":"https:\/\/api.w.org\/{rel}","templated":true}]}}