{"id":182,"date":"2025-10-13T11:09:40","date_gmt":"2025-10-13T11:09:40","guid":{"rendered":"https:\/\/gachhoabinh.vn\/?post_type=product&#038;p=182"},"modified":"2025-10-13T11:12:17","modified_gmt":"2025-10-13T11:12:17","slug":"gach-gia-da-coric-15x30-mau-ghi","status":"publish","type":"product","link":"https:\/\/gachhoabinh.vn\/index.php\/product\/gach-gia-da-coric-15x30-mau-ghi\/","title":{"rendered":"G\u1ea1ch gi\u1ea3 \u0111\u00e1 coric 15\u00d730 m\u00e0u ghi"},"content":{"rendered":"<p>G\u1ea1ch kh\u00f4ng nung gi\u1ea3 \u0111\u00e1 ng\u00e0y c\u00e0ng \u0111\u01b0\u1ee3c kh\u00e1ch h\u00e0ng bi\u1ebft \u0111\u1ebfn r\u1ed9ng r\u00e3i v\u00e0 \u01b0a chu\u1ed9ng. D\u00f2ng g\u1ea1ch n\u00e0y \u0111a d\u1ea1ng v\u1ec1 m\u1eabu m\u00e3, k\u00edch th\u01b0\u1edbc v\u00e0 gi\u00e1 th\u00e0nh. Nh\u1eb1m gi\u00fap kh\u00e1ch h\u00e0ng hi\u1ec3u h\u01a1n v\u1ec1 d\u00f2ng s\u1ea3n ph\u1ea9m n\u00e0y.<\/p>\n<p><strong>Nh\u00e0 m\u00e1y g\u1ea1ch Ho\u00e0 B\u00ecnh<\/strong>\u00a0h\u00e2n h\u1ea1nh gi\u1edbi thi\u1ec7u \u0111\u1ebfn kh\u00e1ch h\u00e0ng s\u1ea3n ph\u1ea9m\u00a0<strong>g\u1ea1ch gi\u1ea3 \u0111\u00e1 coric 15\u00d730 m\u00e0u ghi.\u00a0<\/strong>\u0110\u00e2y l\u00e0 m\u1ed9t trong nh\u1eefng d\u00f2ng g\u1ea1ch c\u00f3 m\u1eabu m\u00e3 \u0111\u1eb9p v\u00e0 \u0111\u01b0\u1ee3c y\u00eau th\u00edch b\u1eadt nh\u1ea5t hi\u1ec7n t\u1ea1i. M\u1eddi b\u1ea1n theo d\u00f5i b\u00e0i vi\u1ebft \u0111\u1ec3 bi\u1ebft th\u00eam th\u00f4ng tin chi ti\u1ebft.<\/p>\n<p><strong>G\u1ea1ch gi\u1ea3 \u0111\u00e1 coric 15\u00d730 m\u00e0u ghi<\/strong>\u00a0c\u00f3 thi\u1ebft k\u1ebf h\u00ecnh h\u1ed9p ch\u1eef nh\u1eadt vu\u00f4ng v\u1eafn. S\u1ea3n ph\u1ea9m g\u1ea1ch \u0111\u01b0\u1ee3c s\u1ea3n xu\u1ea5t t\u1eeb h\u1ed7n h\u1ee3p g\u1ed3m: xi m\u0103ng, c\u00e1t, n\u01b0\u1edbc, keo v\u00e0 m\u1ed9t s\u1ed1 ch\u1ea5t ph\u1ee5 gia kh\u00e1c. M\u00e0u ghi l\u00e0m m\u1ed9t trong nh\u1eefng m\u00e0u \u0111\u01a1n s\u1eafc \u0111\u01b0\u1ee3c kh\u00e1ch h\u00e0ng y\u00eau th\u00edch nh\u1ea5t hi\u1ec7n t\u1ea1i.<\/p>\n<p>S\u1ea3n ph\u1ea9m \u0111\u01b0\u1ee3c s\u1eed d\u1ee5ng ch\u1ee7 y\u1ebfu \u1edf c\u00e1c c\u00f4ng tr\u00ecnh nh\u01b0:<\/p>\n<ul>\n<li>L\u00e1t s\u00e2n v\u01b0\u1eddn bi\u1ec7t th\u1ef1, \u0111\u01b0\u1eddng \u0111i trong bi\u1ec7t th\u1ef1, khu chung c\u01b0, c\u00e1c khu \u0111\u00f4 th\u1ecb.<\/li>\n<li>L\u00e1t s\u00e2n tr\u01b0\u1eddng, b\u1ec7nh vi\u1ec7n, c\u01a1 quan \u2013 c\u00f4ng s\u1edf, ch\u00f9a, mi\u1ebfu.<\/li>\n<\/ul>\n","protected":false},"excerpt":{"rendered":"<p><strong>\u00a0L\u01b0u \u00fd:<\/strong>\u00a0\u0110\u01a1n gi\u00e1 t\u00ednh theo m2, thay \u0111\u1ed5i theo s\u1ed1 l\u01b0\u1ee3ng \u0111\u1eb7t h\u00e0ng v\u00e0 khu v\u1ef1c giao h\u00e0ng<\/p>\n","protected":false},"featured_media":183,"comment_status":"open","ping_status":"closed","template":"","meta":[],"product_brand":[],"product_cat":[22],"product_tag":[],"class_list":{"0":"post-182","1":"product","2":"type-product","3":"status-publish","4":"has-post-thumbnail","6":"product_cat-gach-lat-via-he-gia-da","8":"first","9":"instock","10":"shipping-taxable","11":"purchasable","12":"product-type-simple"},"_links":{"self":[{"href":"https:\/\/gachhoabinh.vn\/index.php\/wp-json\/wp\/v2\/product\/182","targetHints":{"allow":["GET"]}}],"collection":[{"href":"https:\/\/gachhoabinh.vn\/index.php\/wp-json\/wp\/v2\/product"}],"about":[{"href":"https:\/\/gachhoabinh.vn\/index.php\/wp-json\/wp\/v2\/types\/product"}],"replies":[{"embeddable":true,"href":"https:\/\/gachhoabinh.vn\/index.php\/wp-json\/wp\/v2\/comments?post=182"}],"wp:featuredmedia":[{"embeddable":true,"href":"https:\/\/gachhoabinh.vn\/index.php\/wp-json\/wp\/v2\/media\/183"}],"wp:attachment":[{"href":"https:\/\/gachhoabinh.vn\/index.php\/wp-json\/wp\/v2\/media?parent=182"}],"wp:term":[{"taxonomy":"product_brand","embeddable":true,"href":"https:\/\/gachhoabinh.vn\/index.php\/wp-json\/wp\/v2\/product_brand?post=182"},{"taxonomy":"product_cat","embeddable":true,"href":"https:\/\/gachhoabinh.vn\/index.php\/wp-json\/wp\/v2\/product_cat?post=182"},{"taxonomy":"product_tag","embeddable":true,"href":"https:\/\/gachhoabinh.vn\/index.php\/wp-json\/wp\/v2\/product_tag?post=182"}],"curies":[{"name":"wp","href":"https:\/\/api.w.org\/{rel}","templated":true}]}}