{"id":189,"date":"2025-10-13T12:12:52","date_gmt":"2025-10-13T12:12:52","guid":{"rendered":"https:\/\/gachhoabinh.vn\/?post_type=product&#038;p=189"},"modified":"2025-10-13T12:12:52","modified_gmt":"2025-10-13T12:12:52","slug":"gach-gia-da-luc-giac-3-soc-mau-vang","status":"publish","type":"product","link":"https:\/\/gachhoabinh.vn\/index.php\/product\/gach-gia-da-luc-giac-3-soc-mau-vang\/","title":{"rendered":"G\u1ea1ch gi\u1ea3 \u0111\u00e1 l\u1ee5c gi\u00e1c 3 s\u1ecdc m\u00e0u v\u00e0ng"},"content":{"rendered":"<p><strong>G\u1ea1ch gi\u1ea3 \u0111\u00e1 l\u1ee5c gi\u00e1c 3 s\u1ecdc v\u00e0ng<\/strong>\u00a0l\u00e0 s\u1ea3n ph\u1ea9m\u00a0g\u1ea1ch b\u00ea t\u00f4ng gi\u1ea3 \u0111\u00e1\u00a0c\u00f3 thi\u1ebft k\u1ebf m\u1edbi m\u1ebb, \u0111\u1ed9c \u0111\u00e1o v\u1edbi h\u00ecnh l\u1ee5c gi\u00e1c 6 c\u1ea1nh. B\u00ean tr\u00ean b\u1ec1 m\u1eb7t \u0111\u01b0\u1ee3c trang tr\u00ed h\u1ecda ti\u1ebft \u0111\u01b0\u1eddng g\u00e2n n\u1ed5i v\u00e0 c\u00e1c \u0111\u01b0\u1eddng k\u1ebb s\u1ecdc \u0111\u01b0\u1ee3c \u00e9p th\u00e0nh r\u00e3nh nh\u1ecf.<\/p>\n<p>D\u00f2ng g\u1ea1ch n\u00e0y \u0111\u01b0\u1ee3c \u1ee9ng d\u1ee5ng nhi\u1ec1u \u1edf c\u00e1c c\u00f4ng tr\u00ecnh nh\u01b0:<\/p>\n<ul>\n<li>L\u00e1t v\u1ec9a h\u00e8, c\u00e1c tuy\u1ebfn ph\u1ed1 \u0111i b\u1ed9, \u0111\u01b0\u1eddng \u0111i d\u1ea1o quanh c\u00e1c khu chung c\u01b0, s\u00e2n v\u01b0\u1eddn, resort\u2026<\/li>\n<li>L\u00e1t \u0111\u01b0\u1eddng \u0111i trong c\u00f4ng vi\u00ean, khu vui ch\u01a1i, s\u00e2n v\u1eadn \u0111\u1ed9ng, tr\u01b0\u1eddng h\u1ecdc, b\u00e3i \u0111\u1eadu xe, nh\u00e0 xe\u2026<\/li>\n<\/ul>\n<h2><span id=\"Uu_diem_cua_gach_gia_da_luc_giac_3_soc_mau_vang\" class=\"ez-toc-section\"><\/span>\u01afu \u0111i\u1ec3m c\u1ee7a g\u1ea1ch gi\u1ea3 \u0111\u00e1 l\u1ee5c gi\u00e1c 3 s\u1ecdc m\u00e0u v\u00e0ng<\/h2>\n<p>G\u1ea1ch gi\u1ea3 \u0111\u00e1 l\u1ee5c gi\u00e1c 3 s\u1ecdc m\u00e0u v\u00e0ng \u0111\u01b0\u1ee3c y\u00eau th\u00edch b\u1edfi ch\u00fang s\u1edf h\u1eefu m\u1ed9t s\u1ed1 \u01b0u \u0111i\u1ec3m v\u01b0\u1ee3t tr\u1ed9i nh\u01b0:<\/p>\n<p>\u2013 G\u1ea1ch c\u00f3 thi\u1ebft k\u1ebf v\u00e0 m\u00e0u s\u1eafc \u1ea5n t\u01b0\u1ee3ng, c\u00f3 t\u00ednh th\u1ea9m m\u1ef9 cao.<\/p>\n<figure id=\"attachment_13771\" class=\"wp-caption alignnone\" aria-describedby=\"caption-attachment-13771\"><figcaption id=\"caption-attachment-13771\" class=\"wp-caption-text\">\u01afu \u0111i\u1ec3m c\u1ee7a g\u1ea1ch gi\u1ea3 \u0111\u00e1 l\u1ee5c gi\u00e1c 3 s\u1ecdc v\u00e0ng<\/figcaption><\/figure>\n<p>\u2013 C\u00e1c \u0111\u01b0\u1eddng v\u00e2n n\u1ed5i v\u00e0 thi\u1ebft k\u1ebf 3 s\u1ecdc tr\u00ean b\u1ec1 m\u1eb7t, gi\u00fap vi\u00ean g\u1ea1ch gia t\u0103ng t\u00ednh tho\u00e1t n\u01b0\u1edbc \u01b0u vi\u1ec7t h\u01a1n so v\u1edbi c\u00e1c s\u1ea3n ph\u1ea9m g\u1ea1ch kh\u00e1c. \u0110\u1ed3ng th\u1eddi thi\u1ebft k\u1ebf n\u00e0y c\u0169ng gi\u00fap l\u00e0m gi\u1ea3m nguy c\u01a1 tr\u01a1n tr\u01b0\u1ee3t cho xe v\u00e0 ng\u01b0\u1eddi \u0111i b\u1ed9 khi th\u1eddi ti\u1ebft m\u01b0a gi\u00f3, \u1ea9m \u01b0\u1edbt.<\/p>\n<p>\u2013 G\u1ea1ch 3 s\u1ecdc l\u1ee5c gi\u00e1c \u0111\u1ea1t \u0111\u01b0\u1ee3c c\u00e1c ch\u1ee9ng nh\u1eadn v\u1ec1 \u0111\u1ed9 b\u1ec1n, kh\u1ea3 n\u0103ng ch\u1ecbu l\u1ef1c v\u00e0 ch\u1ecbu \u0111\u01b0\u1ee3c tr\u1ecdng t\u1ea3i l\u1edbn.<\/p>\n<p>\u2013 Lo\u1ea1i g\u1ea1ch n\u00e0y c\u00f3 th\u1ec3 s\u1eed d\u1ee5ng ri\u00eang l\u1ebb ho\u1eb7c c\u00f3 th\u1ec3 \u0111\u01b0\u1ee3c k\u1ebft h\u1ee3p v\u1edbi c\u00e1c s\u1ea3n ph\u1ea9m c\u00f3 m\u00e0u s\u1eafc kh\u00e1c, ph\u00f9 h\u1ee3p v\u1edbi m\u1ee5c \u0111\u00edch v\u00e0 nhu c\u1ea7u c\u1ee7a ng\u01b0\u1eddi d\u00f9ng. Ch\u00fang d\u1ec5 v\u1eadn chuy\u1ec3n v\u00e0 k\u1ef9 thu\u1eadt \u1ed1p l\u00e1t \u0111\u01a1n gi\u1ea3n.<\/p>\n","protected":false},"excerpt":{"rendered":"<p><strong>L\u01b0u \u00fd:<\/strong>\u00a0\u0110\u01a1n gi\u00e1 t\u00ednh theo m2, thay \u0111\u1ed5i theo s\u1ed1 l\u01b0\u1ee3ng \u0111\u1eb7t h\u00e0ng v\u00e0 khu v\u1ef1c giao h\u00e0ng<\/p>\n","protected":false},"featured_media":190,"comment_status":"open","ping_status":"closed","template":"","meta":[],"product_brand":[],"product_cat":[22],"product_tag":[],"class_list":{"0":"post-189","1":"product","2":"type-product","3":"status-publish","4":"has-post-thumbnail","6":"product_cat-gach-lat-via-he-gia-da","8":"first","9":"instock","10":"shipping-taxable","11":"purchasable","12":"product-type-simple"},"_links":{"self":[{"href":"https:\/\/gachhoabinh.vn\/index.php\/wp-json\/wp\/v2\/product\/189","targetHints":{"allow":["GET"]}}],"collection":[{"href":"https:\/\/gachhoabinh.vn\/index.php\/wp-json\/wp\/v2\/product"}],"about":[{"href":"https:\/\/gachhoabinh.vn\/index.php\/wp-json\/wp\/v2\/types\/product"}],"replies":[{"embeddable":true,"href":"https:\/\/gachhoabinh.vn\/index.php\/wp-json\/wp\/v2\/comments?post=189"}],"wp:featuredmedia":[{"embeddable":true,"href":"https:\/\/gachhoabinh.vn\/index.php\/wp-json\/wp\/v2\/media\/190"}],"wp:attachment":[{"href":"https:\/\/gachhoabinh.vn\/index.php\/wp-json\/wp\/v2\/media?parent=189"}],"wp:term":[{"taxonomy":"product_brand","embeddable":true,"href":"https:\/\/gachhoabinh.vn\/index.php\/wp-json\/wp\/v2\/product_brand?post=189"},{"taxonomy":"product_cat","embeddable":true,"href":"https:\/\/gachhoabinh.vn\/index.php\/wp-json\/wp\/v2\/product_cat?post=189"},{"taxonomy":"product_tag","embeddable":true,"href":"https:\/\/gachhoabinh.vn\/index.php\/wp-json\/wp\/v2\/product_tag?post=189"}],"curies":[{"name":"wp","href":"https:\/\/api.w.org\/{rel}","templated":true}]}}